{"id":2007,"date":"2023-07-21T10:27:53","date_gmt":"2023-07-21T13:27:53","guid":{"rendered":"https:\/\/repositorio.enberuniversity.com\/?page_id=2007"},"modified":"2023-10-20T13:45:27","modified_gmt":"2023-10-20T16:45:27","slug":"inicio","status":"publish","type":"page","link":"https:\/\/repositorio.enberuniversity.com\/","title":{"rendered":"In\u00edcio"},"content":{"rendered":"\t\t<div data-elementor-type=\"wp-page\" data-elementor-id=\"2007\" class=\"elementor elementor-2007\">\n\t\t\t\t<div class=\"elementor-element elementor-element-b1cfd1d e-flex e-con-boxed e-con e-parent\" data-id=\"b1cfd1d\" data-element_type=\"container\" data-settings=\"{&quot;background_background&quot;:&quot;gradient&quot;}\">\n\t\t\t\t\t<div class=\"e-con-inner\">\n\t\t\t\t<div class=\"elementor-element elementor-element-176f0da animated-slow elementor-invisible elementor-widget elementor-widget-text-editor\" data-id=\"176f0da\" data-element_type=\"widget\" data-settings=\"{&quot;_animation&quot;:&quot;fadeIn&quot;}\" data-widget_type=\"text-editor.default\">\n\t\t\t\t<div class=\"elementor-widget-container\">\n\t\t\t\t\t\t\t\t\t<p>Bem-vindo ao Reposit\u00f3rio da Enber University<\/p>\t\t\t\t\t\t\t\t<\/div>\n\t\t\t\t<\/div>\n\t\t\t\t\t<\/div>\n\t\t\t\t<\/div>\n\t\t<div class=\"elementor-element elementor-element-3660a9f e-flex e-con-boxed e-con e-parent\" data-id=\"3660a9f\" data-element_type=\"container\">\n\t\t\t\t\t<div class=\"e-con-inner\">\n\t\t<div class=\"elementor-element elementor-element-59c6416 e-con-full e-flex e-con e-child\" data-id=\"59c6416\" data-element_type=\"container\">\n\t\t\t\t<div class=\"elementor-element elementor-element-3139c79 elementor-widget elementor-widget-spacer\" data-id=\"3139c79\" data-element_type=\"widget\" data-widget_type=\"spacer.default\">\n\t\t\t\t<div class=\"elementor-widget-container\">\n\t\t\t\t\t\t\t<div class=\"elementor-spacer\">\n\t\t\t<div class=\"elementor-spacer-inner\"><\/div>\n\t\t<\/div>\n\t\t\t\t\t\t<\/div>\n\t\t\t\t<\/div>\n\t\t\t\t<div class=\"elementor-element elementor-element-8660720 elementor-widget__width-initial animated-slow elementor-view-default elementor-position-block-start elementor-mobile-position-block-start elementor-invisible elementor-widget elementor-widget-icon-box\" data-id=\"8660720\" data-element_type=\"widget\" data-settings=\"{&quot;_animation&quot;:&quot;fadeIn&quot;}\" data-widget_type=\"icon-box.default\">\n\t\t\t\t<div class=\"elementor-widget-container\">\n\t\t\t\t\t\t\t<div class=\"elementor-icon-box-wrapper\">\n\n\t\t\t\t\t\t<div class=\"elementor-icon-box-icon\">\n\t\t\t\t<span  class=\"elementor-icon\">\n\t\t\t\t<i aria-hidden=\"true\" class=\"fas fa-book-open\"><\/i>\t\t\t\t<\/span>\n\t\t\t<\/div>\n\t\t\t\n\t\t\t\n\t\t<\/div>\n\t\t\t\t\t\t<\/div>\n\t\t\t\t<\/div>\n\t\t\t\t<div class=\"elementor-element elementor-element-dbabf8c elementor-align-center animated-slow elementor-invisible elementor-widget elementor-widget-button\" data-id=\"dbabf8c\" data-element_type=\"widget\" data-settings=\"{&quot;_animation&quot;:&quot;fadeIn&quot;}\" data-widget_type=\"button.default\">\n\t\t\t\t<div class=\"elementor-widget-container\">\n\t\t\t\t\t\t\t\t\t<div class=\"elementor-button-wrapper\">\n\t\t\t\t\t<a class=\"elementor-button elementor-button-link elementor-size-sm elementor-animation-grow\" href=\"https:\/\/repositorio.enberuniversity.com\/index.php\/acervo\/\">\n\t\t\t\t\t\t<span class=\"elementor-button-content-wrapper\">\n\t\t\t\t\t\t\t\t\t<span class=\"elementor-button-text\">Ir ao acervo<\/span>\n\t\t\t\t\t<\/span>\n\t\t\t\t\t<\/a>\n\t\t\t\t<\/div>\n\t\t\t\t\t\t\t\t<\/div>\n\t\t\t\t<\/div>\n\t\t\t\t<\/div>\n\t\t<div class=\"elementor-element elementor-element-0d8736c e-flex e-con-boxed e-con e-child\" data-id=\"0d8736c\" data-element_type=\"container\">\n\t\t\t\t\t<div class=\"e-con-inner\">\n\t\t\t\t<div class=\"elementor-element elementor-element-14b95a8 elementor-widget__width-initial animated-slow elementor-invisible elementor-widget elementor-widget-text-editor\" data-id=\"14b95a8\" data-element_type=\"widget\" data-settings=\"{&quot;_animation&quot;:&quot;fadeIn&quot;}\" data-widget_type=\"text-editor.default\">\n\t\t\t\t<div class=\"elementor-widget-container\">\n\t\t\t\t\t\t\t\t\t<p>Reposit\u00f3rio Enber<\/p>\t\t\t\t\t\t\t\t<\/div>\n\t\t\t\t<\/div>\n\t\t\t\t<div class=\"elementor-element elementor-element-c9ff5d1 animated-slow elementor-invisible elementor-widget elementor-widget-text-editor\" data-id=\"c9ff5d1\" data-element_type=\"widget\" data-settings=\"{&quot;_animation&quot;:&quot;fadeIn&quot;}\" data-widget_type=\"text-editor.default\">\n\t\t\t\t<div class=\"elementor-widget-container\">\n\t\t\t\t\t\t\t\t\t<p>O Reposit\u00f3rio de Teses e Disserta\u00e7\u00f5es da Enber University \u00e9 um espa\u00e7o dedicado \u00e0 coleta, organiza\u00e7\u00e3o e divulga\u00e7\u00e3o dos trabalhos acad\u00eamicos produzidos por nossos estudantes e pesquisadores. Aqui, reunimos uma rica cole\u00e7\u00e3o de teses e disserta\u00e7\u00f5es que representam o resultado de esfor\u00e7os intelectuais e investiga\u00e7\u00f5es realizadas em diversas \u00e1reas do conhecimento.<\/p>\t\t\t\t\t\t\t\t<\/div>\n\t\t\t\t<\/div>\n\t\t\t\t\t<\/div>\n\t\t\t\t<\/div>\n\t\t\t\t\t<\/div>\n\t\t\t\t<\/div>\n\t\t\t\t<\/div>\n\t\t","protected":false},"excerpt":{"rendered":"<p>Bem-vindo ao Reposit\u00f3rio da Enber University Ir ao acervo Reposit\u00f3rio Enber O Reposit\u00f3rio de Teses e Disserta\u00e7\u00f5es da Enber University \u00e9 um espa\u00e7o dedicado \u00e0 coleta, organiza\u00e7\u00e3o e divulga\u00e7\u00e3o dos trabalhos acad\u00eamicos produzidos por nossos estudantes e pesquisadores. Aqui, reunimos uma rica cole\u00e7\u00e3o de teses e disserta\u00e7\u00f5es que representam o resultado de esfor\u00e7os intelectuais e [&hellip;]<\/p>\n","protected":false},"author":2,"featured_media":0,"parent":0,"menu_order":0,"comment_status":"closed","ping_status":"closed","template":"elementor_header_footer","meta":{"footnotes":""},"class_list":["post-2007","page","type-page","status-publish","hentry"],"_links":{"self":[{"href":"https:\/\/repositorio.enberuniversity.com\/index.php\/wp-json\/wp\/v2\/pages\/2007","targetHints":{"allow":["GET"]}}],"collection":[{"href":"https:\/\/repositorio.enberuniversity.com\/index.php\/wp-json\/wp\/v2\/pages"}],"about":[{"href":"https:\/\/repositorio.enberuniversity.com\/index.php\/wp-json\/wp\/v2\/types\/page"}],"author":[{"embeddable":true,"href":"https:\/\/repositorio.enberuniversity.com\/index.php\/wp-json\/wp\/v2\/users\/2"}],"replies":[{"embeddable":true,"href":"https:\/\/repositorio.enberuniversity.com\/index.php\/wp-json\/wp\/v2\/comments?post=2007"}],"version-history":[{"count":109,"href":"https:\/\/repositorio.enberuniversity.com\/index.php\/wp-json\/wp\/v2\/pages\/2007\/revisions"}],"predecessor-version":[{"id":2577,"href":"https:\/\/repositorio.enberuniversity.com\/index.php\/wp-json\/wp\/v2\/pages\/2007\/revisions\/2577"}],"wp:attachment":[{"href":"https:\/\/repositorio.enberuniversity.com\/index.php\/wp-json\/wp\/v2\/media?parent=2007"}],"curies":[{"name":"wp","href":"https:\/\/api.w.org\/{rel}","templated":true}]}}