{"id":2263,"date":"2023-07-21T17:40:50","date_gmt":"2023-07-21T20:40:50","guid":{"rendered":"https:\/\/repositorio.enberuniversity.com\/?page_id=2263"},"modified":"2025-09-11T09:33:13","modified_gmt":"2025-09-11T12:33:13","slug":"envie-seu-arquivo","status":"publish","type":"page","link":"https:\/\/repositorio.enberuniversity.com\/index.php\/envie-seu-arquivo\/","title":{"rendered":"Envie seu arquivo"},"content":{"rendered":"\n<div style=\"font-size:16px;--tainacan-base-font-size:16px;--tainacan-background-color:rgba(255,255,255,0);--tainacan-input-color:#1d1d1d;--tainacan-input-background-color:#ffffff;--tainacan-input-border-color:#dbdbdb;--tainacan-label-color:#373839;--tainacan-info-color:#505253;--tainacan-primary:#d9eced;--tainacan-secondary:#187181\" class=\"wp-block-tainacan-item-submission-form\"><div id=\"tainacan-item-submission-form\" data-module=\"item-submission-form\" data-collection-id=\"1888\" data-hide-file-modal-button=\"false\" data-hide-text-modal-button=\"false\" data-hide-link-modal-button=\"false\" data-hide-thumbnail-section=\"false\" data-hide-attachments-section=\"false\" data-show-allow-comments-section=\"false\" data-hide-help-buttons=\"false\" data-hide-metadata-types=\"false\" data-hide-collapses=\"false\" data-enabled-metadata=\"{&quot;1583&quot;:true,&quot;1585&quot;:true,&quot;1597&quot;:true,&quot;1599&quot;:true,&quot;1634&quot;:true,&quot;1680&quot;:true,&quot;1721&quot;:true,&quot;1892&quot;:true,&quot;1894&quot;:true,&quot;2389&quot;:true,&quot;2395&quot;:true,&quot;2397&quot;:true,&quot;2400&quot;:true,&quot;2403&quot;:true,&quot;2558&quot;:true,&quot;2568&quot;:true,&quot;2637&quot;:true}\" data-sent-form-heading=\"Submiss\u00e3o conclu\u00edda com sucesso!\" data-sent-form-message=\"Sua submiss\u00e3o foi conclu\u00edda com sucesso! Os itens foram enviados e j\u00e1 est\u00e3o registrados no sistema\" data-document-section-label=\"Document\" data-thumbnail-section-label=\"Thumbnail\" data-attachments-section-label=\"Attachments\" data-metadata-section-label=\"Metadata\" data-show-item-link-button=\"false\" data-show-terms-agreement-checkbox=\"false\" data-terms-agreement-message=\"I agree to submit this item information.\" data-item-link-button-label=\"Go to the item page\" data-help-info-bellow-label=\"false\" data-is-layout-steps=\"false\"><\/div><\/div>\n","protected":false},"excerpt":{"rendered":"","protected":false},"author":2,"featured_media":0,"parent":0,"menu_order":0,"comment_status":"closed","ping_status":"closed","template":"elementor_header_footer","meta":{"footnotes":""},"class_list":["post-2263","page","type-page","status-publish","hentry"],"_links":{"self":[{"href":"https:\/\/repositorio.enberuniversity.com\/index.php\/wp-json\/wp\/v2\/pages\/2263","targetHints":{"allow":["GET"]}}],"collection":[{"href":"https:\/\/repositorio.enberuniversity.com\/index.php\/wp-json\/wp\/v2\/pages"}],"about":[{"href":"https:\/\/repositorio.enberuniversity.com\/index.php\/wp-json\/wp\/v2\/types\/page"}],"author":[{"embeddable":true,"href":"https:\/\/repositorio.enberuniversity.com\/index.php\/wp-json\/wp\/v2\/users\/2"}],"replies":[{"embeddable":true,"href":"https:\/\/repositorio.enberuniversity.com\/index.php\/wp-json\/wp\/v2\/comments?post=2263"}],"version-history":[{"count":7,"href":"https:\/\/repositorio.enberuniversity.com\/index.php\/wp-json\/wp\/v2\/pages\/2263\/revisions"}],"predecessor-version":[{"id":4682,"href":"https:\/\/repositorio.enberuniversity.com\/index.php\/wp-json\/wp\/v2\/pages\/2263\/revisions\/4682"}],"wp:attachment":[{"href":"https:\/\/repositorio.enberuniversity.com\/index.php\/wp-json\/wp\/v2\/media?parent=2263"}],"curies":[{"name":"wp","href":"https:\/\/api.w.org\/{rel}","templated":true}]}}